{"id":39,"date":"2022-04-03T12:04:43","date_gmt":"2022-04-03T12:04:43","guid":{"rendered":"https:\/\/www.sirene-ag.ch\/?page_id=39"},"modified":"2022-04-03T12:05:14","modified_gmt":"2022-04-03T12:05:14","slug":"berufspruefungen","status":"publish","type":"page","link":"https:\/\/www.sirene-ag.ch\/?page_id=39","title":{"rendered":"Berufspr\u00fcfungen"},"content":{"rendered":"\n<h2 class=\"wp-block-heading\">BERUFSPR\u00dcFUNG (BP) SICHERHEITSFACHFRAU \/ SICHERHEITSFACHMANN ZENTRALENDIENSTE<\/h2>\n\n\n\n<p>Sicherheitsfachleute sind in privaten Sicherheitsdienstleistungs-Unternehmen t\u00e4tig, die f\u00fcr die Interessen von Privatpersonen und der Privatwirtschaft arbeiten. Zus\u00e4tzlich erf\u00fcllen sie komplement\u00e4r ihre Aufgaben zu den Beh\u00f6rden, Blaulichtorganisationen und f\u00fcr weitere Kundenkreise. Sie agieren nach der Rechtsordnung und der wichtigsten Gesetze aus den Bereichen des Zivil-, Straf- und Arbeitsgesetzes, sowie der Strafprozessordnung.&nbsp;Die Pr\u00fcfungen werden durch das Staatssekretariat f\u00fcr Bildung, Forschung&nbsp;und&nbsp;Innovation (SBFI) beaufsichtigt.<\/p>\n\n\n\n<p>Sicherheitsfachleute weisen durch die abgeschlossene Ausbildung Kenntnisse und F\u00e4higkeiten auf, um auch in ausserordentlichen Situationen sicher und verh\u00e4ltnism\u00e4ssig handeln zu k\u00f6nnen.<\/p>\n\n\n\n<p>Die wichtigsten beruflichen Handlungskompetenzen einer Sicherheitsfachfrau \/ Sicherheitsfachmanns Zentralendienste sind die Folgenden:<\/p>\n\n\n\n<ul class=\"wp-block-list\"><li>Bedient die Alarm- und \u00dcbertragungsanlagen korrekt nach Vorgaben;<\/li><li>Verh\u00e4lt sich bei besonderen Ereignissen\/Notfallsituationen situationsgerecht nach Vorgaben;<\/li><li>koordiniert bei Bedarf die getroffenen Massnahmen;<\/li><li>Kennt die Vorschriften bez\u00fcglich Arbeitsqualit\u00e4t, Arbeitssicherheit, Dienstabl\u00e4ufen, Kleidung und Ausr\u00fcstung und wendet sie an;<\/li><li>Ber\u00fccksichtigt die Bed\u00fcrfnisse und Erwartungen des Kunden gem\u00e4ss Vertrag;<\/li><li>Verh\u00e4lt sich den Kunden gegen\u00fcber stets h\u00f6flich, mit klarer Sprache;<\/li><li>Erkennt die unmittelbaren Gefahren aus Alarmmeldungen und ordnet die verh\u00e4ltnism\u00e4ssigen Massnahmen nach Vorgabe oder selbst\u00e4ndig an;<\/li><li>Erstellt Meldungen und Rapporte zeitgerecht und korrekt;<\/li><li>F\u00fchrt bei Bedarf Normrunden zur Feststellung von Unregelm\u00e4ssigkeiten durch;<\/li><li>F\u00fchrt auf Anordnung Personenkontrollen durch;<\/li><li>Erkennt St\u00f6rungen der wesentlichen Elemente der Geb\u00e4udetechnik und leitet die entsprechenden Massnahmen, wie z. B. absperren, aufbieten Servicetechniker, Information der Betroffenen, ein;<\/li><li>Bedient sicherheitsrelevante Installationen (Zutritt, technische Alarme, Feueralarme, Intrusionsalarme usw.);<\/li><li>Beeinflusst mit kompetentem und h\u00f6flichem Umgang mit Drittpersonen, Vorgesetzten und Arbeitskollegen das Arbeitsklima positiv.<\/li><\/ul>\n","protected":false},"excerpt":{"rendered":"<p>BERUFSPR\u00dcFUNG (BP) SICHERHEITSFACHFRAU \/ SICHERHEITSFACHMANN ZENTRALENDIENSTE Sicherheitsfachleute sind in privaten Sicherheitsdienstleistungs-Unternehmen t\u00e4tig, die f\u00fcr die Interessen von Privatpersonen und der Privatwirtschaft arbeiten. Zus\u00e4tzlich erf\u00fcllen sie komplement\u00e4r ihre Aufgaben zu den Beh\u00f6rden, Blaulichtorganisationen und f\u00fcr weitere Kundenkreise. Sie agieren nach der Rechtsordnung und der wichtigsten Gesetze aus den Bereichen des Zivil-, Straf- und Arbeitsgesetzes, sowie der [&hellip;]<\/p>\n","protected":false},"author":1,"featured_media":0,"parent":0,"menu_order":0,"comment_status":"closed","ping_status":"closed","template":"","meta":{"footnotes":""},"class_list":["post-39","page","type-page","status-publish","hentry"],"_links":{"self":[{"href":"https:\/\/www.sirene-ag.ch\/index.php?rest_route=\/wp\/v2\/pages\/39","targetHints":{"allow":["GET"]}}],"collection":[{"href":"https:\/\/www.sirene-ag.ch\/index.php?rest_route=\/wp\/v2\/pages"}],"about":[{"href":"https:\/\/www.sirene-ag.ch\/index.php?rest_route=\/wp\/v2\/types\/page"}],"author":[{"embeddable":true,"href":"https:\/\/www.sirene-ag.ch\/index.php?rest_route=\/wp\/v2\/users\/1"}],"replies":[{"embeddable":true,"href":"https:\/\/www.sirene-ag.ch\/index.php?rest_route=%2Fwp%2Fv2%2Fcomments&post=39"}],"version-history":[{"count":2,"href":"https:\/\/www.sirene-ag.ch\/index.php?rest_route=\/wp\/v2\/pages\/39\/revisions"}],"predecessor-version":[{"id":41,"href":"https:\/\/www.sirene-ag.ch\/index.php?rest_route=\/wp\/v2\/pages\/39\/revisions\/41"}],"wp:attachment":[{"href":"https:\/\/www.sirene-ag.ch\/index.php?rest_route=%2Fwp%2Fv2%2Fmedia&parent=39"}],"curies":[{"name":"wp","href":"https:\/\/api.w.org\/{rel}","templated":true}]}}