{"id":20,"date":"2022-04-02T17:08:03","date_gmt":"2022-04-02T17:08:03","guid":{"rendered":"https:\/\/www.sirene-ag.ch\/?page_id=20"},"modified":"2022-04-03T12:03:03","modified_gmt":"2022-04-03T12:03:03","slug":"ueber-uns","status":"publish","type":"page","link":"https:\/\/www.sirene-ag.ch\/?page_id=20","title":{"rendered":"\u00dcber uns"},"content":{"rendered":"\n<h2 class=\"wp-block-heading\"><\/h2>\n\n\n\n<p><strong>Seit 2001 organisiert der VSSU die Berufspr\u00fcfungen mit eidgen\u00f6ssischem Fachausweis im Bereich der Sicherheitsdienstleistungen<\/strong>. &nbsp;<\/p>\n\n\n\n<p>Fachausweise attestieren das Bestehen einer strengen Ausbildung mit theoretischem und praktischem Teil. Sie dienen sowohl Arbeitgebern als auch Arbeitnehmern als Qualit\u00e4tsnachweis. Das Durchf\u00fchren dieser Pr\u00fcfungen zeigt par excellence das Engagement des VSSU f\u00fcr qualitativ hochwertige Dienstleistungen der Schweizer Sicherheitsunternehmen.<\/p>\n\n\n\n<p>Der VSSU organisiert die Pr\u00fcfungen zum eidgen\u00f6ssischen Fachausweis. Dabei handelt es sich um Abschl\u00fcsse auf Terti\u00e4rstufe. In der Schweiz existiert keine berufliche Grundbildung im Sicherheitsbereich.<\/p>\n","protected":false},"excerpt":{"rendered":"<p>Seit 2001 organisiert der VSSU die Berufspr\u00fcfungen mit eidgen\u00f6ssischem Fachausweis im Bereich der Sicherheitsdienstleistungen. &nbsp; Fachausweise attestieren das Bestehen einer strengen Ausbildung mit theoretischem und praktischem Teil. Sie dienen sowohl Arbeitgebern als auch Arbeitnehmern als Qualit\u00e4tsnachweis. Das Durchf\u00fchren dieser Pr\u00fcfungen zeigt par excellence das Engagement des VSSU f\u00fcr qualitativ hochwertige Dienstleistungen der Schweizer Sicherheitsunternehmen. Der [&hellip;]<\/p>\n","protected":false},"author":1,"featured_media":0,"parent":0,"menu_order":0,"comment_status":"closed","ping_status":"closed","template":"","meta":{"footnotes":""},"class_list":["post-20","page","type-page","status-publish","hentry"],"_links":{"self":[{"href":"https:\/\/www.sirene-ag.ch\/index.php?rest_route=\/wp\/v2\/pages\/20","targetHints":{"allow":["GET"]}}],"collection":[{"href":"https:\/\/www.sirene-ag.ch\/index.php?rest_route=\/wp\/v2\/pages"}],"about":[{"href":"https:\/\/www.sirene-ag.ch\/index.php?rest_route=\/wp\/v2\/types\/page"}],"author":[{"embeddable":true,"href":"https:\/\/www.sirene-ag.ch\/index.php?rest_route=\/wp\/v2\/users\/1"}],"replies":[{"embeddable":true,"href":"https:\/\/www.sirene-ag.ch\/index.php?rest_route=%2Fwp%2Fv2%2Fcomments&post=20"}],"version-history":[{"count":3,"href":"https:\/\/www.sirene-ag.ch\/index.php?rest_route=\/wp\/v2\/pages\/20\/revisions"}],"predecessor-version":[{"id":38,"href":"https:\/\/www.sirene-ag.ch\/index.php?rest_route=\/wp\/v2\/pages\/20\/revisions\/38"}],"wp:attachment":[{"href":"https:\/\/www.sirene-ag.ch\/index.php?rest_route=%2Fwp%2Fv2%2Fmedia&parent=20"}],"curies":[{"name":"wp","href":"https:\/\/api.w.org\/{rel}","templated":true}]}}